{"id":1296,"date":"2022-08-01T12:34:28","date_gmt":"2022-08-01T12:34:28","guid":{"rendered":"https:\/\/wochefuerdeutsch.be\/privacy-policy\/"},"modified":"2024-03-11T09:24:48","modified_gmt":"2024-03-11T08:24:48","slug":"privacy-policy","status":"publish","type":"page","link":"https:\/\/wochefuerdeutsch.be\/fr\/privacy-policy\/","title":{"rendered":"DATENSCHUTZ"},"content":{"rendered":"<h3>Grundlegendes<\/h3>\n<p>Verantwortlicher fu\u0308r die Erhebung, Verarbeitung und Nutzung Ihrer personenbezogenen Daten im Sinne von Art. 4 Nr. 7 DSGVO ist <strong>CLOTH GmbH<\/strong> Schnellewindgasse 8 B-4701 Eupen \u2013 Kettenis Tel.: <a href=\"tel:+3287333554\">+32 (0)87 333 554<\/a> E-Mail: <a href=\"mailto:info@cloth.be\">info@cloth.be<\/a> U.St.-ID. (Belgien): BE 0836.989.739 U.St.-ID. (Deutschland): DE 290.223.818 Sofern Sie der Erhebung, Verarbeitung oder Nutzung Ihrer Daten durch uns nach Ma\u00dfgabe dieser Datenschutzbestimmungen insgesamt oder fu\u0308r einzelne Ma\u00dfnahmen widersprechen wollen, ko\u0308nnen Sie Ihren Widerspruch an den Verantwortlichen richten. Diese Datenschutzerkl\u00e4rung soll die Nutzer dieser Website \u00fcber die Art, den Umfang und den Zweck der Erhebung und Verwendung personenbezogener Daten durch den Websitebetreiber informieren. Der Websitebetreiber nimmt Ihren Datenschutz sehr ernst und behandelt Ihre personenbezogenen Daten vertraulich und entsprechend der gesetzlichen Vorschriften. Da durch neue Technologien und die st\u00e4ndige Weiterentwicklung dieser Webseite \u00c4nderungen an dieser Datenschutzerkl\u00e4rung vorgenommen werden k\u00f6nnen, empfehlen wir Ihnen sich die Datenschutzerkl\u00e4rung in regelm\u00e4\u00dfigen Abst\u00e4nden wieder durchzulesen. Definitionen der verwendeten Begriffe (z.B. \u201cpersonenbezogene Daten\u201d oder \u201cVerarbeitung\u201d) finden Sie in Art. 4 DSGVO.<\/p>\n<h3>Datenl\u00f6schung und Speicherdauer<\/h3>\n<p>Die personenbezogenen Daten der betroffenen Person werden gel\u00f6scht oder gesperrt, sobald der Zweck der Speicherung entf\u00e4llt. Eine Speicherung kann dar\u00fcber hinaus erfolgen, wenn dies durch den europ\u00e4ischen oder nationalen Gesetzgeber in unionsrechtlichen Verordnungen, Gesetzen oder sonstigen Vorschriften, denen der Verantwortliche unterliegt, vorgesehen wurde. Eine Sperrung oder L\u00f6schung der Daten erfolgt auch dann, wenn eine durch die genannten Normen vorgeschriebene Speicherfrist abl\u00e4uft, es sei denn, dass eine Erforderlichkeit zur weiteren Speicherung der Daten f\u00fcr einen Vertragsabschluss oder eine Vertragserf\u00fcllung besteht.<\/p>\n<h3>Zugriffsdaten<\/h3>\n<p>Wir, der Websitebetreiber bzw. Seitenprovider, erheben aufgrund unseres berechtigten Interesses (s. Art. 6 Abs. 1 lit. f. DSGVO) Daten \u00fcber Zugriffe auf die Website und speichern diese als \u201cServer-Logfiles\u201d auf dem Server der Website ab. Folgende Daten werden so protokolliert:<\/p>\n<ul>\n<li>Besuchte Website<\/li>\n<li>Uhrzeit zum Zeitpunkt des Zugriffes<\/li>\n<li>Menge der gesendeten Daten in Byte<\/li>\n<li>Quelle\/Verweis, von welchem Sie auf die Seite gelangten<\/li>\n<li>Verwendeter Browser<\/li>\n<li>Verwendetes Betriebssystem<\/li>\n<li>Verwendete IP-Adresse<\/li>\n<\/ul>\n<p>Die Server-Logfiles werden f\u00fcr maximal 180 Tage gespeichert und anschlie\u00dfend gel\u00f6scht. Die Speicherung der Daten erfolgt aus Sicherheitsgr\u00fcnden, um z. B. Missbrauchsf\u00e4lle aufkl\u00e4ren zu k\u00f6nnen. M\u00fcssen Daten aus Beweisgr\u00fcnden aufgehoben werden, sind sie solange von der L\u00f6schung ausgenommen bis der Vorfall endg\u00fcltig gekl\u00e4rt ist. Die Erfassung der Daten zur Bereitstellung der Website und die Speicherung der Daten in Logfiles ist f\u00fcr den Betrieb der Internetseite zwingend erforderlich. Es besteht folglich seitens des Nutzers keine Widerspruchsm\u00f6glichkeit.<\/p>\n<h3>Reichweitenmessung &amp; Cookies<\/h3>\n<p>Diese Website verwendet Cookies zur pseudonymisierten Reichweitenmessung, die entweder von unserem Server oder dem Server Dritter an den Browser des Nutzers \u00fcbertragen werden. Bei Cookies handelt es sich um kleine Dateien, welche auf Ihrem Endger\u00e4t gespeichert werden. Ihr Browser greift auf diese Dateien zu. Durch den Einsatz von Cookies erh\u00f6ht sich die Benutzerfreundlichkeit und Sicherheit dieser Website. Falls Sie nicht m\u00f6chten, dass Cookies zur Reichweitenmessung auf Ihrem Endger\u00e4t gespeichert werden, k\u00f6nnen Sie dem Einsatz dieser Dateien hier widersprechen:<\/p>\n<ul>\n<li>Cookie-Deaktivierungsseite der Netzwerkwerbeinitiative:\u00a0<a href=\"http:\/\/optout.networkadvertising.org\/?c=1#!\/\" target=\"_blank\" rel=\"noopener noreferrer\">http:\/\/optout.networkadvertising.org\/?c=1#!\/<\/a><\/li>\n<li>Cookie-Deaktivierungsseite der US-amerikanischen Website:\u00a0<a href=\"http:\/\/optout.aboutads.info\/?c=2#!\/\" target=\"_blank\" rel=\"noopener noreferrer\">http:\/\/optout.aboutads.info\/?c=2#!\/<\/a><\/li>\n<li>Cookie-Deaktivierungsseite der europ\u00e4ischen Website:\u00a0<a href=\"http:\/\/optout.networkadvertising.org\/?c=1#!\/\" target=\"_blank\" rel=\"noopener noreferrer\">http:\/\/optout.networkadvertising.org\/?c=1#!\/<\/a><\/li>\n<\/ul>\n<p>G\u00e4ngige Browser bieten die Einstellungsoption, Cookies nicht zuzulassen. Hinweis: Es ist nicht gew\u00e4hrleistet, dass Sie auf alle Funktionen dieser Website ohne Einschr\u00e4nkungen zugreifen k\u00f6nnen, wenn Sie entsprechende Einstellungen vornehmen. Wir setzen Cookies ein, um unsere Website nutzerfreundlicher zu gestalten. Einige Elemente unserer Internetseite erfordern es, dass der aufrufende Browser auch nach einem Seitenwechsel identifiziert werden kann. In den Cookies werden dabei folgende Daten gespeichert und \u00fcbermittelt:<\/p>\n<ul>\n<li>Spracheinstellungen<\/li>\n<li>Artikel in einem Warenkorb<\/li>\n<li>Log-In-Informationen<\/li>\n<\/ul>\n<h3>Erfassung und Verarbeitung personenbezogener Daten<\/h3>\n<p>Der Websitebetreiber erhebt, nutzt und gibt Ihre personenbezogenen Daten nur dann weiter, wenn dies im gesetzlichen Rahmen erlaubt ist oder Sie in die Datenerhebung einwilligen. Als personenbezogene Daten gelten s\u00e4mtliche Informationen, welche dazu dienen, Ihre Person zu bestimmen und welche zu Ihnen zur\u00fcckverfolgt werden k\u00f6nnen \u2013 also beispielsweise Ihr Name, Ihre E-Mail-Adresse und Telefonnummer. Diese Website k\u00f6nnen Sie auch besuchen, ohne Angaben zu Ihrer Person zu machen. Zur Verbesserung unseres Online-Angebotes speichern wir jedoch (ohne Personenbezug) Ihre Zugriffsdaten auf diese Website. Zu diesen Zugriffsdaten geh\u00f6ren z. B. die von Ihnen angeforderte Datei oder der Name Ihres Internet-Providers. Durch die Anonymisierung der Daten sind R\u00fcckschl\u00fcsse auf Ihre Person nicht m\u00f6glich.<\/p>\n<ol>\n<li><strong>Welche?<\/strong>\u00a0\u2013 Wir verarbeiten personenbezogene Daten wie Vorname, Nachname, IP-Adresse, E-Mail-Adresse, Wohnort, Postleitzahl und Inhaltsangaben aus dem Kontaktformular.<\/li>\n<li><strong>Wie?<\/strong>\u00a0\u2013 Wir verarbeiten personenbezogene Daten nur nach ausdr\u00fccklicher Erlaubnis der betreffenden Nutzer und unter Einhaltung der geltenden Datenschutzbestimmungen.<\/li>\n<li><strong>Warum?<\/strong>\u00a0\u2013 Die Verarbeitung der personenbezogenen Daten erfolgt aufgrund unseres berechtigten Interesses zur Erf\u00fcllung unserer vertraglich vereinbarten Leistungen und zur Optimierung unseres Online-Angebotes.<\/li>\n<\/ol>\n","protected":false},"excerpt":{"rendered":"Grundlegendes Verantwortlicher fu\u0308r die Erhebung, Verarbeitung und Nutzung Ihrer personenbezogenen Daten im Sinne von Art. 4 Nr. 7 DSGVO ist CLOTH GmbH Schnellewindgasse 8 B-4701 Eupen \u2013 Kettenis Tel.: +32 [&hellip;]","protected":false},"author":4,"featured_media":0,"parent":0,"menu_order":0,"comment_status":"closed","ping_status":"closed","template":"pages\/privacy.php","meta":{"_acf_changed":false,"inline_featured_image":false,"footnotes":""},"class_list":["post-1296","page","type-page","status-publish","hentry"],"acf":[],"_links":{"self":[{"href":"https:\/\/wochefuerdeutsch.be\/fr\/wp-json\/wp\/v2\/pages\/1296","targetHints":{"allow":["GET"]}}],"collection":[{"href":"https:\/\/wochefuerdeutsch.be\/fr\/wp-json\/wp\/v2\/pages"}],"about":[{"href":"https:\/\/wochefuerdeutsch.be\/fr\/wp-json\/wp\/v2\/types\/page"}],"author":[{"embeddable":true,"href":"https:\/\/wochefuerdeutsch.be\/fr\/wp-json\/wp\/v2\/users\/4"}],"replies":[{"embeddable":true,"href":"https:\/\/wochefuerdeutsch.be\/fr\/wp-json\/wp\/v2\/comments?post=1296"}],"version-history":[{"count":1,"href":"https:\/\/wochefuerdeutsch.be\/fr\/wp-json\/wp\/v2\/pages\/1296\/revisions"}],"predecessor-version":[{"id":3119,"href":"https:\/\/wochefuerdeutsch.be\/fr\/wp-json\/wp\/v2\/pages\/1296\/revisions\/3119"}],"wp:attachment":[{"href":"https:\/\/wochefuerdeutsch.be\/fr\/wp-json\/wp\/v2\/media?parent=1296"}],"curies":[{"name":"wp","href":"https:\/\/api.w.org\/{rel}","templated":true}]}}